{"id":7031,"date":"2026-02-28T11:58:29","date_gmt":"2026-02-28T09:58:29","guid":{"rendered":"https:\/\/www.doreen-gehrke-verlag.de\/?page_id=7031"},"modified":"2026-02-28T12:53:01","modified_gmt":"2026-02-28T10:53:01","slug":"cv-autor","status":"publish","type":"page","link":"https:\/\/www.doreen-gehrke-verlag.de\/?page_id=7031","title":{"rendered":"CV Autor"},"content":{"rendered":"<p>[et_pb_section fb_built=&#8220;1&#8243; _builder_version=&#8220;4.8.2&#8243; _module_preset=&#8220;default&#8220;][et_pb_row _builder_version=&#8220;4.8.2&#8243; _module_preset=&#8220;default&#8220;][et_pb_column type=&#8220;4_4&#8243; _builder_version=&#8220;4.8.2&#8243; _module_preset=&#8220;default&#8220;][et_pb_text _builder_version=&#8220;4.8.2&#8243; _module_preset=&#8220;default&#8220;]<\/p>\n<h2 data-start=\"281\" data-end=\"320\"><strong data-start=\"284\" data-end=\"320\">Curriculum Vitae \u2013 Doreen Gehrke<\/strong><\/h2>\n<p><strong data-start=\"284\" data-end=\"320\"><\/strong><\/p>\n<p data-start=\"322\" data-end=\"583\"><strong data-start=\"322\" data-end=\"342\">Statement Autor<\/strong><span>\u00a0<\/span><\/p>\n<p data-start=\"322\" data-end=\"583\"><span>Ich schreibe \u00fcber das Alltagsleben und die m\u00f6glichen Probleme, mit denen sich das Leben konfrontiert sieht.<\/span><\/p>\n<hr data-start=\"585\" data-end=\"588\" \/>\n<h3><strong>Biografie<\/strong><\/h3>\n<p>Doreen Gehrke schloss ihr Studium der <b>Geologie und Pal\u00e4ontologie (Diplom)<\/b> an der <b>Universit\u00e4t Greifswald, Mecklenburg-Vorpommern, Deutschland<\/b> im Jahr <b>2006<\/b> ab und arbeitete anschlie\u00dfend bis <b>2012<\/b> als <b>Geologin<\/b> in einem Ingenieurb\u00fcro, wo sie sich auf die Modellierung der Auswirkungen der Nutzung geothermischer Energie auf umgebende Gesteinsformationen konzentrierte.<\/p>\n<p>Im Jahr <b>2013<\/b> gr\u00fcndete sie ihren <b>eigenen Verlag, den Doreen Gehrke Verlag<\/b>, in dem sie Belletristik und Lyrik ver\u00f6ffentlicht.<\/p>\n<p>Seit <b>2016<\/b> widmet sich Doreen auch der Malerei und entwickelt eine unverwechselbare Bildsprache, die in emotionalem Ausdruck und der Natur verwurzelt ist.<\/p>\n<p>Von <b>2018 bis Ende 2024<\/b> war Doreen aktiv an der Leitung des Gastgewerbes ihrer Familie, einer Fr\u00fchst\u00fcckspension, beteiligt. Im Jahr <b>2022<\/b> \u00fcbernahm sie nach der schweren Erkrankung ihrer Mutter die vollst\u00e4ndige Leitung des Unternehmens, \u00fcberwachte den Betrieb und sorgte in einer schwierigen Zeit f\u00fcr Kontinuit\u00e4t. Ende 2024 \u00fcbertrug sie das Unternehmen offiziell an ihren Bruder. Seit 2025 kann sie sich ganz ihrer Arbeit als K\u00fcnstlerin, Schriftstellerin und Selbstverlegerin widmen.<\/p>\n<hr data-start=\"1914\" data-end=\"1917\" \/>\n<h3><strong>Ausbildung<\/strong><\/h3>\n<ul>\n<li><b>Diplom in Geologie und Pal\u00e4ontologie<\/b>, Universit\u00e4t Greifswald, Deutschland (2006),\u00a0<i>Schwerpunkt der Diplomarbeit: Geologische Modellierung und geothermische Prozesse<\/i><\/li>\n<li><i><strong>Abschlusszertifikat zum Master Xpert Business<\/strong>, mit Schwerpunkt Unternehmensf\u00fchrung, Volkshochschule Neubrandenburg (2011)<\/i><\/li>\n<li><i><strong>Abschlusszeugnis Fernlehrgang Kindererziehung<\/strong>, mit Schwerpunkt geistige und k\u00f6rperliche Entwicklung, Studiengemeinschaft Darmstadt &#8211; (sgd) (2018)<\/i><\/li>\n<\/ul>\n<hr data-start=\"2087\" data-end=\"2090\" \/>\n<h3><strong>Beruflicher Hintergrund<\/strong><\/h3>\n<ul>\n<li><b>Geologin<\/b>, Ingenieurberatung (2006\u20132012)\u00a0<a href=\"https:\/\/www.doreen-gehrke-verlag.de\/?page_id=126\"><b><i>Spezialisierung auf geothermische Modellierung und Umweltvertr\u00e4glichkeitsstudien<\/i><\/b><\/a><\/li>\n<li><b>Gr\u00fcnderin und Verlegerin<\/b>, <i>Doreen Gehrke Verlag<\/i> (seit 2013)\u00a0<a href=\"https:\/\/www.doreen-gehrke-verlag.de\/?page_id=126\"><b><i>Ver\u00f6ffentlichung von Belletristik und Lyrik<\/i><\/b><\/a><\/li>\n<li><b>Unabh\u00e4ngige K\u00fcnstlerin<\/b> (seit 2016)\u00a0<i>Schwerpunkt auf <a href=\"https:\/\/www.doreen-gehrke-verlag.de\/?page_id=4452\" target=\"_blank\" rel=\"noopener noreferrer\"><strong>emotionalen Landschaften<\/strong><\/a> in verschiedenen Medien und strukturierten Techniken<\/i><\/li>\n<\/ul>\n<p><strong data-start=\"2871\" data-end=\"2882\"><\/strong><\/p>\n<h3><strong data-start=\"2871\" data-end=\"2882\">Kontakt<\/strong><\/h3>\n<p data-start=\"2867\" data-end=\"2882\">&#x1f4e9;<a href=\"mailto:info@doreen-gehrke-verlag.de\">info@doreen-gehrke-verlag.de<\/a><\/p>\n<p>[\/et_pb_text][et_pb_button button_text=&#8220;Zur\u00fcck&#8220; _builder_version=&#8220;4.8.2&#8243; _module_preset=&#8220;default&#8220; button_url=&#8220;https:\/\/www.doreen-gehrke-verlag.de\/?page_id=2&#8243; box_shadow_style=&#8220;preset6&#8243; hover_enabled=&#8220;0&#8243; sticky_enabled=&#8220;0&#8243;][\/et_pb_button][\/et_pb_column][\/et_pb_row][\/et_pb_section]<\/p>\n","protected":false},"excerpt":{"rendered":"<p>[et_pb_section fb_built=&#8220;1&#8243; _builder_version=&#8220;4.8.2&#8243; _module_preset=&#8220;default&#8220;][et_pb_row _builder_version=&#8220;4.8.2&#8243; _module_preset=&#8220;default&#8220;][et_pb_column type=&#8220;4_4&#8243; _builder_version=&#8220;4.8.2&#8243; _module_preset=&#8220;default&#8220;][et_pb_text _builder_version=&#8220;4.8.2&#8243; _module_preset=&#8220;default&#8220;] Curriculum Vitae \u2013 Doreen Gehrke Statement Autor\u00a0 Ich schreibe \u00fcber das Alltagsleben und die m\u00f6glichen Probleme, mit denen sich das Leben konfrontiert sieht. Biografie Doreen Gehrke schloss ihr Studium der Geologie und Pal\u00e4ontologie (Diplom) an der Universit\u00e4t Greifswald, Mecklenburg-Vorpommern, Deutschland im Jahr 2006 ab [&hellip;]<\/p>\n","protected":false},"author":1,"featured_media":0,"parent":0,"menu_order":0,"comment_status":"closed","ping_status":"closed","template":"","meta":{"_acf_changed":false,"_et_pb_use_builder":"on","_et_pb_old_content":"","_et_gb_content_width":"","jetpack_post_was_ever_published":false,"footnotes":""},"class_list":["post-7031","page","type-page","status-publish","hentry"],"acf":[],"jetpack_sharing_enabled":true,"jetpack_shortlink":"https:\/\/wp.me\/P9Ec4h-1Pp","_links":{"self":[{"href":"https:\/\/www.doreen-gehrke-verlag.de\/index.php?rest_route=\/wp\/v2\/pages\/7031","targetHints":{"allow":["GET"]}}],"collection":[{"href":"https:\/\/www.doreen-gehrke-verlag.de\/index.php?rest_route=\/wp\/v2\/pages"}],"about":[{"href":"https:\/\/www.doreen-gehrke-verlag.de\/index.php?rest_route=\/wp\/v2\/types\/page"}],"author":[{"embeddable":true,"href":"https:\/\/www.doreen-gehrke-verlag.de\/index.php?rest_route=\/wp\/v2\/users\/1"}],"replies":[{"embeddable":true,"href":"https:\/\/www.doreen-gehrke-verlag.de\/index.php?rest_route=%2Fwp%2Fv2%2Fcomments&post=7031"}],"version-history":[{"count":8,"href":"https:\/\/www.doreen-gehrke-verlag.de\/index.php?rest_route=\/wp\/v2\/pages\/7031\/revisions"}],"predecessor-version":[{"id":7046,"href":"https:\/\/www.doreen-gehrke-verlag.de\/index.php?rest_route=\/wp\/v2\/pages\/7031\/revisions\/7046"}],"wp:attachment":[{"href":"https:\/\/www.doreen-gehrke-verlag.de\/index.php?rest_route=%2Fwp%2Fv2%2Fmedia&parent=7031"}],"curies":[{"name":"wp","href":"https:\/\/api.w.org\/{rel}","templated":true}]}}