{"id":2101,"date":"2018-11-30T14:01:25","date_gmt":"2018-11-30T12:01:25","guid":{"rendered":"https:\/\/www.doreen-gehrke-verlag.de\/?page_id=2101"},"modified":"2026-03-15T10:07:16","modified_gmt":"2026-03-15T08:07:16","slug":"anjas-tagebuch-chipman","status":"publish","type":"page","link":"https:\/\/www.doreen-gehrke-verlag.de\/?page_id=2101","title":{"rendered":"Anjas Tagebuch &#8211; Chipman"},"content":{"rendered":"<p>[et_pb_section fb_built=&#8220;1&#8243; _builder_version=&#8220;3.22&#8243;][et_pb_row column_structure=&#8220;1_2,1_2&#8243; _builder_version=&#8220;4.5.0&#8243; background_size=&#8220;initial&#8220; background_position=&#8220;top_left&#8220; background_repeat=&#8220;repeat&#8220;][et_pb_column type=&#8220;1_2&#8243; _builder_version=&#8220;3.25&#8243; custom_padding=&#8220;|||&#8220; custom_padding__hover=&#8220;|||&#8220;][et_pb_text _builder_version=&#8220;4.8.2&#8243; _module_preset=&#8220;default&#8220; hover_enabled=&#8220;0&#8243; sticky_enabled=&#8220;0&#8243;]<\/p>\n<h2 style=\"text-align: right;\"><strong><\/strong><\/h2>\n<h2 style=\"text-align: right;\"><strong><\/strong><\/h2>\n<h2 style=\"text-align: right;\"><strong><\/strong><\/h2>\n<h2 style=\"text-align: right;\"><strong><\/strong><\/h2>\n<h2 style=\"text-align: right;\"><strong>Anjas Tagebuch &#8211; Chipman<\/strong><\/h2>\n<p style=\"text-align: right;\"><strong>3. Tagebuch<\/strong><\/p>\n<p style=\"text-align: right;\">Anjas Tagebuch &#8211; Chipman, E-Book, 14+<br \/> EPub 978-3-9820009-3-0<\/p>\n<p style=\"text-align: right;\">Handel via Tolina GmbH<\/p>\n<p style=\"text-align: right;\">z.B. Kaufen bei <strong><a href=\"https:\/\/www.thalia.de\/shop\/home\/artikeldetails\/A1078644662\" target=\"_blank\" rel=\"noopener noreferrer\">Thalia.de<\/a><\/strong><\/p>\n<p style=\"text-align: right;\"><strong><a href=\"https:\/\/www.amazon.de\/dp\/B0GSK99KS4\/\" target=\"_blank\" rel=\"noopener noreferrer\">Amazon<\/a><\/strong><\/p>\n<p style=\"text-align: right;\"><strong><a href=\"https:\/\/www.hugendubel.de\/de\/ebook_epub\/doreen_gehrke-anjas_tagebuch_chipman-52775845-produkt-details.html\" target=\"_blank\" rel=\"noopener noreferrer\">Hugendubel.de<\/a><\/strong><\/p>\n<p style=\"text-align: right;\"><o:p><\/o:p><\/p>\n<p>[\/et_pb_text][\/et_pb_column][et_pb_column type=&#8220;1_2&#8243; _builder_version=&#8220;3.25&#8243; custom_padding=&#8220;|||&#8220; custom_padding__hover=&#8220;|||&#8220;][et_pb_image src=&#8220;https:\/\/www.doreen-gehrke-verlag.de\/wp-content\/uploads\/2026\/03\/EBookAnja3Cover.png&#8220; title_text=&#8220;EBookAnja3Cover&#8220; _builder_version=&#8220;4.8.2&#8243; _module_preset=&#8220;default&#8220; hover_enabled=&#8220;0&#8243; sticky_enabled=&#8220;0&#8243;][\/et_pb_image][\/et_pb_column][\/et_pb_row][et_pb_row _builder_version=&#8220;4.5.0&#8243; _module_preset=&#8220;default&#8220;][et_pb_column type=&#8220;4_4&#8243; _builder_version=&#8220;4.5.0&#8243; _module_preset=&#8220;default&#8220;][et_pb_text _builder_version=&#8220;4.5.0&#8243; _module_preset=&#8220;default&#8220;]<\/p>\n<h2><strong>Cover<\/strong><\/h2>\n<p>[\/et_pb_text][et_pb_text _builder_version=&#8220;4.8.2&#8243; _module_preset=&#8220;default&#8220;]<\/p>\n<p style=\"text-align: justify;\">Beim Cover des dritten Bands komme ich dem Scherenschnitt wieder ein St\u00fcck n\u00e4her. Ich habe auf eine detaillierte Gestaltung der Umgebung verzichtet und mich auf das Wesentliche konzentriert. Im Fokus steht erneut Anja, die auf dem Fensterbrett in ihrem Zimmer sitzt und aus dem Fenster blickt. Man fragt sich, ob sie zu dem Vogel hinaufschaut oder an ihren Freund Chipman denkt. Im Hintergrund ist als Hinweis zum Handlungsort die fiktive Skyline von Berlin zu sehen. Die Pflanze f\u00e4llt im Vergleich zu den anderen Covern und Back Covern dieses Mal recht klein aus. Da sie jedoch ein Symbol f\u00fcr Anjas Isolation ist, hat es die Protagonistin offenbar geschafft, sich ihrer Familie und Freunden gegen\u00fcber zu \u00f6ffnen.<\/p>\n<p>[\/et_pb_text][et_pb_text _builder_version=&#8220;4.5.0&#8243; _module_preset=&#8220;default&#8220;]<\/p>\n<h2><strong>Einf\u00fchrung<\/strong><\/h2>\n<p>[\/et_pb_text][et_pb_text _builder_version=&#8220;4.8.2&#8243; _module_preset=&#8220;default&#8220;]<\/p>\n<p style=\"text-align: justify;\">Mit \u201eAnjas Tagebuch \u2013 Chipman\u201d erscheint der dritte und vorerst letzte Band der Reihe <strong>(22.10.2018 bis 19.10.2019)<\/strong>. Noch einmal nimmt Anja ihr Tagebuch zur Hand und schreibt offen \u00fcber das, was sie bewegt: \u00fcber Familie, Ferien am See und eine erste Liebe, die ihr Leben eine Zeit lang auf den Kopf gestellt hat. Zwischen nachdenklichen Momenten, leisen Beobachtungen und ehrlichen R\u00fcckblicken versucht sie zu verstehen, was es eigentlich bedeutet, erwachsen zu werden. Der dritte Band f\u00fchrt die Geschichte zu einem pers\u00f6nlichen Abschluss und l\u00e4sst Anja noch einmal auf die Ereignisse ihrer Tageb\u00fccher zur\u00fcckblicken. Damit ist die Reihe zun\u00e4chst beendet \u2013 doch vielleicht wird Anja eines Tages ihr Tagebuch wiederfinden und erneut zu schreiben beginnen. Wer wei\u00df, welche Geschichten dann noch erz\u00e4hlt werden wollen.<\/p>\n<hr data-start=\"175\" data-end=\"178\" \/>\n<p data-start=\"224\" data-end=\"294\">\n<p data-start=\"224\" data-end=\"294\">Diese Geschichte ist besonders geeignet f\u00fcr Leserinnen und Leser, die:<\/p>\n<ul data-start=\"296\" data-end=\"1060\">\n<li data-section-id=\"1sjlyw5\" data-start=\"296\" data-end=\"385\">\n<p data-start=\"298\" data-end=\"385\"><strong data-start=\"298\" data-end=\"322\">Tagebuchromane m\u00f6gen<\/strong>, in denen eine Figur offen und ehrlich ihre Gedanken erz\u00e4hlt<\/p>\n<\/li>\n<li data-section-id=\"eo79o0\" data-start=\"386\" data-end=\"477\">\n<p data-start=\"388\" data-end=\"477\"><strong data-start=\"388\" data-end=\"424\">Geschichten \u00fcber die erste Liebe<\/strong> und die Gef\u00fchle des Erwachsenwerdens lesen m\u00f6chten<\/p>\n<\/li>\n<li data-section-id=\"s2tv4l\" data-start=\"478\" data-end=\"560\">\n<p data-start=\"480\" data-end=\"560\"><strong data-start=\"480\" data-end=\"504\">Coming-of-Age-Romane<\/strong> \u00fcber Jugendliche auf der Suche nach sich selbst m\u00f6gen<\/p>\n<\/li>\n<li data-section-id=\"1qiuwjn\" data-start=\"561\" data-end=\"655\">\n<p data-start=\"563\" data-end=\"655\">sich f\u00fcr <strong data-start=\"572\" data-end=\"639\">Familiengeschichten und Beziehungen zwischen Eltern und Kindern<\/strong> interessieren<\/p>\n<\/li>\n<li data-section-id=\"16x4h9r\" data-start=\"656\" data-end=\"737\">\n<p data-start=\"658\" data-end=\"737\"><strong data-start=\"658\" data-end=\"695\">ruhige, nachdenkliche Geschichten<\/strong> mit pers\u00f6nlichen Beobachtungen sch\u00e4tzen<\/p>\n<\/li>\n<li data-section-id=\"ahdbjz\" data-start=\"738\" data-end=\"833\">\n<p data-start=\"740\" data-end=\"833\">B\u00fccher m\u00f6gen, in denen <strong data-start=\"763\" data-end=\"809\">Gef\u00fchle, Zweifel und kleine Alltagsmomente<\/strong> im Mittelpunkt stehen<\/p>\n<\/li>\n<li data-section-id=\"v61kg0\" data-start=\"834\" data-end=\"890\">\n<p data-start=\"836\" data-end=\"890\">gern <strong data-start=\"841\" data-end=\"882\">Jugendromane mit authentischer Stimme<\/strong> lesen<\/p>\n<\/li>\n<li data-section-id=\"muvcna\" data-start=\"891\" data-end=\"981\">\n<p data-start=\"893\" data-end=\"981\">sich f\u00fcr <strong data-start=\"902\" data-end=\"965\">Freundschaft, erste Beziehungen und Teenager-Gedankenwelten<\/strong> interessieren<\/p>\n<\/li>\n<li data-section-id=\"jm1s0r\" data-start=\"982\" data-end=\"1060\">\n<p data-start=\"984\" data-end=\"1060\">Geschichten m\u00f6gen, die <strong data-start=\"1007\" data-end=\"1060\">am See, in kleinen Orten und in der Natur spielen<\/strong><\/p>\n<\/li>\n<\/ul>\n<p>[\/et_pb_text][et_pb_text _builder_version=&#8220;4.5.0&#8243; _module_preset=&#8220;default&#8220;]<\/p>\n<h2><strong>Leseprobe<\/strong><\/h2>\n<p>[\/et_pb_text][et_pb_text _builder_version=&#8220;4.8.2&#8243; _module_preset=&#8220;default&#8220;]<\/p>\n<p style=\"text-align: justify;\">Leseprobe aus Montag, 25.10.2018<o:p><\/o:p><\/p>\n<p style=\"text-align: justify;\">Mein liebes Tagebuch,\u00a0<o:p><\/o:p><\/p>\n<p style=\"text-align: justify;\"><o:p><\/o:p><\/p>\n<p style=\"text-align: justify;\">heute stand das Eltern-Kind-Gespr\u00e4ch auf der Tagesordnung und ich wurde einmal mehr belehrt, nicht kl\u00fcger als meine Eltern zu sein. Mein frecher Umgangston w\u00fcrde mich noch in Schwierigkeiten bringen. Als ich sie beide fragte, welchen frechen Umgangston sie meinen, meinte Mami (und das kam wie aus der Pistole geschossen), den Ton, den ich habe, seitdem ich mit Chipman zusammen bin. Aha.<\/p>\n<p style=\"text-align: justify;\">Das war interessant. Dass Papi Chipman nicht leiden kann, ist klar. Er h\u00e4lt deswegen auch kein Blatt vor den Mund. Aber bei Mami dachte ich immer, sie w\u00fcrde ihn m\u00f6gen. Das war wohl alles nur Show. Die netten Gesten, die freundlichen Kommentare beim Familienessen &#8230; \u201eWarum laden sie ihn denn immer zum Essen ein?\u201c, wollte ich wissen. Da konterte Papi, dass sie das niemals getan h\u00e4tten und ich ihnen Chipman quasi aufgezwungen h\u00e4tte, indem ich in seinem Beisein nach der Essenszeit gefragt und gemeint h\u00e4tte, Chipman und ich w\u00fcrden dann p\u00fcnktlich da sein. Dann legte Mami sogar noch einen drauf und sagte, ich w\u00fcrde Chipmans vorlaute Art kopieren. Ich erwiderte, Chipman sei \u00fcberhaupt nicht vorlaut, sondern seine Spr\u00fcche und sein schnelles Reagieren auf Kommentare anderer zeigten nur, wie selbstbewusst und schlau er sei. Als ich das sagte, stand Mami auf und meinte, wenn ich weiterhin an den Lippen eines Jungen kleben w\u00fcrde, w\u00fcrde ich ganz sicher irgendwann eine gute Hausfrau abgeben. Dann lie\u00df sie mich mit Papi allein. Was war das denn bitte f\u00fcr ein Schei\u00df? Entschuldige die Kraftausdr\u00fccke, aber Mami \u00fcbertreibt ma\u00dflos. Ich bin mit einem Jungen zusammen, ja, aber ich wei\u00df immer noch, wer ich bin. Papi wollte nicht weiter mit mir \u00fcber Chipman reden. Das sei ohnehin eher ein Mutter-Tochter-Gespr\u00e4ch. Ach, echt?<\/p>\n<p style=\"text-align: justify;\">Papi wollte lieber mit mir \u00fcber Finanzen reden. Ach? Das kann kein Mutter-Tochter-Gespr\u00e4ch sein! Sind M\u00e4nner eher f\u00fcr Geldsachen zust\u00e4ndig? Wer gibt hier die gute Hausfrau ab?<\/p>\n<p style=\"text-align: justify;\">Jedenfalls ging es dann um gestern und die Baluster. Ich hatte meinen Eltern vorgeworfen, sie w\u00fcrden nicht in Neverland investieren wollen. Da war Papi ganz direkt und sagte, sie w\u00fcrden schon mehr investieren wollen, aber es ginge nicht. Die Wohnung in Berlin ist neu, hat einen gehobenen Standard und eine gro\u00dfe Terrasse, die kaum eine andere Wohnung hat. Sie liegt im Berliner Stadtteil Mitte (also mittendrin statt nur dabei, LOL) und ist gekauft. Auf dem Wohnungsmarkt s\u00e4he es schlimm aus, erkl\u00e4rte er weiter. Miete mache arm. Gerade bei Geringverdienern sei es schlimm, weil fast die H\u00e4lfte des Gehalts allein f\u00fcr die Miete draufgehe. Den Eltern gehe es finanziell nat\u00fcrlich besser als Leuten mit geringem Gehalt. Papi hat als Gesch\u00e4ftsf\u00fchrer einer gro\u00dfen Firma mittlerweile ein ziemlich \u00fcppiges Gehalt und auch Mami erzielt als Selbstst\u00e4ndige zwar nicht jeden Monat das gleiche Einkommen, aber auch dieses ist sehr hoch. Dennoch. Mami und Papi haben sich entschieden, eine Wohnung zu kaufen, weil das auf lange Sicht g\u00fcnstiger ist als Mieten. Au\u00dferdem ist es bei einem Kredit auf lange Sicht besser, manchmal eher zu klotzen als zu kleckern. Das bedeutet, dass die beiden einen ziemlich gro\u00dfen Kredit abzahlen m\u00fcssen und daher auf eine umfassende Sanierung von Neverland zugunsten der Eigentumswohnung in Berlin verzichten.<\/p>\n<p style=\"text-align: justify;\">Und dann kam mir ein wichtiger Gedanke in den Sinn, sage ich dir. Ich fragte Papi, ob genug Geld da sei, wenn ich in zwei Jahren vielleicht doch studieren m\u00f6chte. Er erz\u00e4hlte mir, dass sie beide schon fr\u00fch angefangen h\u00e4tten, auf ein Sparkonto einzuzahlen. Leider bek\u00e4me dieses im Moment keine Zinsen, was ziemlich doof sei, wie ich erfuhr. Zum Studien- oder Ausbildungsbeginn w\u00fcrde ich von Oma Rita Aktien ausgezahlt bekommen, die sie von Opa nach dessen Tod \u00fcbertragen bekommen habe. Oma Rita wolle nichts von ihrem Ex-Mann haben und investiere das Erbe lieber in ihre Enkelin. Anfangs wollte sie die Aktien \u00fcberhaupt nicht haben, wie Papi weiter erz\u00e4hlte. Mami habe sie \u00fcberredet, die Aktien nicht auszuschlagen, sondern sie sp\u00e4ter weiterzugeben. Andernfalls w\u00fcrden sie an die Nachkommen des Lebenspartners ihres Ex gehen, also an die Kinder von Opas Freund. Und das wollte Oma Rita auf keinen Fall. Sie schwor sogar, dass sie die \u201eDinger\u201c, wie Oma Rita die Aktien nannte, niemals in die H\u00e4nde nehmen w\u00fcrde. Lieber sollten ihr die H\u00e4nde abfaulen. Offensichtlich hatte seine Schwiegermutter keine Ahnung von Finanzen, schlussfolgerte Papi. Mami hatte ihm einmal erz\u00e4hlt, dass monatlich eine bestimmte Summe auf das Konto ihrer Mutter ginge, sodass sie auch ohne ihr Honorar, das ja nicht immer regelm\u00e4\u00dfig k\u00e4me und auch nicht immer gleich ausfalle, gut von ihrem Bewegungsgeld leben k\u00f6nne.<\/p>\n<p style=\"text-align: justify;\">Bewegungsgeld? Ja, genau, ich musste auch erst einmal nachfragen, was Papi damit meinte. Es gibt wohl ein Konto, von dem alle laufenden Kosten bezahlt werden. Dar\u00fcber werden auch sonstige Kosten beglichen, die im Alltag anfallen, wie z. B. der w\u00f6chentliche Gro\u00dfeinkauf, Shopping, Autoreparaturen, Urlaubsreisen oder neue M\u00f6bel. Auf diesem Konto ist also immer Geld in Bewegung und deshalb nennt man es Bewegungsgeld.<\/p>\n<p style=\"text-align: justify;\">&#8230;<\/p>\n<p style=\"text-align: justify;\">\n<p style=\"text-align: justify;\"><em>Unverk\u00e4ufliche Leseprobe des Doreen Gehrke Verlags. Die Verwendung dieser Leseprobe, ob nun auszugsweise oder in vollem Umfang, ist ohne schriftlicher Zustimmung des Doreen Gehrke Verlags urheberrechtswidrig. Auch eine \u00dcbersetzung der Leseprobe sowie die Verwendung in elektronischen Systemen ist strafbar.<\/em><o:p><\/o:p><\/p>\n<p style=\"text-align: justify;\"><em><\/em><\/p>\n<p>[\/et_pb_text][et_pb_text _builder_version=&#8220;4.5.0&#8243; _module_preset=&#8220;default&#8220;]<\/p>\n<h2><strong>Back Cover<\/strong><\/h2>\n<p>[\/et_pb_text][\/et_pb_column][\/et_pb_row][et_pb_row column_structure=&#8220;1_2,1_2&#8243; _builder_version=&#8220;4.5.0&#8243; _module_preset=&#8220;default&#8220; custom_margin=&#8220;-3px|auto||auto||&#8220;][et_pb_column type=&#8220;1_2&#8243; _builder_version=&#8220;4.5.0&#8243; _module_preset=&#8220;default&#8220;][et_pb_text _builder_version=&#8220;4.8.2&#8243; _module_preset=&#8220;default&#8220; custom_margin=&#8220;-37px|||||&#8220; custom_padding=&#8220;3px|||||&#8220;]<\/p>\n<p style=\"text-align: justify;\">Die Illustration zeigt Anja beim Fahrradfahren \u2013 ganz vorbildlich mit Helm und Atemschutzmaske. Wie auf dem Cover habe ich die Pflanze klein gezeichnet und sie als Umrandung des Klappentextes im oberen Bereich platziert. In Anjas Fahrradkorb ist die Pflanze noch einmal zu sehen, allerdings so winzig, dass Anja offenbar viel seelischen Ballast abwerfen konnte. Die farbig gestalteten V\u00f6gel sind ein netter Hingucker auf dem in Graustufen und Schwarz gehaltenen Back Cover.<\/p>\n<p>[\/et_pb_text][\/et_pb_column][et_pb_column type=&#8220;1_2&#8243; _builder_version=&#8220;4.5.0&#8243; _module_preset=&#8220;default&#8220;][et_pb_image src=&#8220;https:\/\/www.doreen-gehrke-verlag.de\/wp-content\/uploads\/2026\/03\/EBookAnja3BackCover.png&#8220; title_text=&#8220;EBookAnja3BackCover&#8220; _builder_version=&#8220;4.8.2&#8243; _module_preset=&#8220;default&#8220; custom_margin=&#8220;-52px|||||&#8220;][\/et_pb_image][\/et_pb_column][\/et_pb_row][et_pb_row _builder_version=&#8220;4.5.0&#8243; _module_preset=&#8220;default&#8220;][et_pb_column type=&#8220;4_4&#8243; _builder_version=&#8220;4.5.0&#8243; _module_preset=&#8220;default&#8220;][et_pb_button button_url=&#8220;https:\/\/www.doreen-gehrke-verlag.de\/?page_id=2&#8243; button_text=&#8220;Zur\u00fcck&#8220; button_alignment=&#8220;left&#8220; _builder_version=&#8220;4.5.0&#8243; _module_preset=&#8220;default&#8220; custom_button=&#8220;on&#8220; button_text_color=&#8220;#000000&#8243; button_border_color=&#8220;#000000&#8243; box_shadow_style=&#8220;preset6&#8243;][\/et_pb_button][\/et_pb_column][\/et_pb_row][\/et_pb_section]<\/p>\n","protected":false},"excerpt":{"rendered":"<p>[et_pb_section fb_built=&#8220;1&#8243; _builder_version=&#8220;3.22&#8243;][et_pb_row column_structure=&#8220;1_2,1_2&#8243; _builder_version=&#8220;4.5.0&#8243; background_size=&#8220;initial&#8220; background_position=&#8220;top_left&#8220; background_repeat=&#8220;repeat&#8220;][et_pb_column type=&#8220;1_2&#8243; _builder_version=&#8220;3.25&#8243; custom_padding=&#8220;|||&#8220; custom_padding__hover=&#8220;|||&#8220;][et_pb_text _builder_version=&#8220;4.8.2&#8243; _module_preset=&#8220;default&#8220; hover_enabled=&#8220;0&#8243; sticky_enabled=&#8220;0&#8243;] Anjas Tagebuch &#8211; Chipman 3. Tagebuch Anjas Tagebuch &#8211; Chipman, E-Book, 14+ EPub 978-3-9820009-3-0 Handel via Tolina GmbH z.B. Kaufen bei Thalia.de Amazon Hugendubel.de [\/et_pb_text][\/et_pb_column][et_pb_column type=&#8220;1_2&#8243; _builder_version=&#8220;3.25&#8243; custom_padding=&#8220;|||&#8220; custom_padding__hover=&#8220;|||&#8220;][et_pb_image src=&#8220;https:\/\/www.doreen-gehrke-verlag.de\/wp-content\/uploads\/2026\/03\/EBookAnja3Cover.png&#8220; title_text=&#8220;EBookAnja3Cover&#8220; _builder_version=&#8220;4.8.2&#8243; _module_preset=&#8220;default&#8220; hover_enabled=&#8220;0&#8243; sticky_enabled=&#8220;0&#8243;][\/et_pb_image][\/et_pb_column][\/et_pb_row][et_pb_row _builder_version=&#8220;4.5.0&#8243; _module_preset=&#8220;default&#8220;][et_pb_column type=&#8220;4_4&#8243; _builder_version=&#8220;4.5.0&#8243; [&hellip;]<\/p>\n","protected":false},"author":1,"featured_media":0,"parent":0,"menu_order":0,"comment_status":"closed","ping_status":"closed","template":"","meta":{"_acf_changed":false,"_et_pb_use_builder":"on","_et_pb_old_content":"<p>Anjas Tagebuch - Chipman, E-Book, 12+<\/p><p>EPub 978-3-9820009-3-0<\/p><p>Kindle 978-3-9820009-4-7<\/p><p>\u00a0<\/p><p><img class=\"alignnone size-medium wp-image-2106\" src=\"https:\/\/www.doreen-gehrke-verlag.de\/wp-content\/uploads\/2018\/11\/Anja-Band-3-Cover-01-1-420x500.jpg\" alt=\"\" width=\"420\" height=\"500\" \/><\/p><p>\u00a0<\/p><p><strong>Einf\u00fchrung<\/strong><\/p><p>Der dritte und letzte Band dieser Jugendbuchreihe offenbart dem Leser eine ganz andere Seite von Anja, an deren Existenz sie schon selber gezweifelt hat und die sie erst noch erforschen muss. Anja ist verliebt. Zum allerersten Mal sind alle anderen Dinge in ihrem Leben nur unerw\u00fcnschte Randerscheinungen, die man ganz leicht und locker aus dem Weg r\u00e4umen kann. Chipman ist anders als die anderen Jungs. \u00bbEr ist klug und so kultiviert, und er sagt immer so tolle Sachen zu mir. Au\u00dferdem ist er witzig, hat f\u00fcr jede Situation einen coolen Spruch parat und verbreitet nur gute Laune. Er w\u00fcrde dir ganz bestimmt gefallen. Oma Rita meinte, dass ich genau so einen Optimisten brauche. Ja, genau, ich brauche ihn. Ach, ein echter Traumjunge. Ich verstehe gar nicht, warum Papi ihn nicht leiden kann.\u00ab Doch so nach und nach verblasst das Gef\u00fchl purer Freude und Verliebtheit. Denn je mehr Anja von ihrem Freund schw\u00e4rmt und je \u00f6fter sie mit ihm zusammen sein m\u00f6chte, desto mehr f\u00e4llt ihr auf, dass sie wieder in die Arme einer Abh\u00e4ngigkeit f\u00e4llt. Anja erinnert sich an das Gef\u00fchl, von den sozialen Medien nicht lassen zu k\u00f6nnen und wie diese damals ihren Alltag bestimmt haben. Die Zeit mit Chipman ist sch\u00f6n. Aber Anja wird klar, wie viel Zeit sie mit ihm vertr\u00f6delt und das besch\u00e4ftigt sie. So hat es Anja wieder mit einer Challenge zu tun. Nur gilt es dieses Mal, kostbare Lebenszeit effektiv und sinnvoll zu nutzen.<\/p><p>\u00a0<\/p>","_et_gb_content_width":"","jetpack_post_was_ever_published":false,"footnotes":""},"class_list":["post-2101","page","type-page","status-publish","hentry"],"acf":[],"jetpack_sharing_enabled":true,"jetpack_shortlink":"https:\/\/wp.me\/P9Ec4h-xT","_links":{"self":[{"href":"https:\/\/www.doreen-gehrke-verlag.de\/index.php?rest_route=\/wp\/v2\/pages\/2101","targetHints":{"allow":["GET"]}}],"collection":[{"href":"https:\/\/www.doreen-gehrke-verlag.de\/index.php?rest_route=\/wp\/v2\/pages"}],"about":[{"href":"https:\/\/www.doreen-gehrke-verlag.de\/index.php?rest_route=\/wp\/v2\/types\/page"}],"author":[{"embeddable":true,"href":"https:\/\/www.doreen-gehrke-verlag.de\/index.php?rest_route=\/wp\/v2\/users\/1"}],"replies":[{"embeddable":true,"href":"https:\/\/www.doreen-gehrke-verlag.de\/index.php?rest_route=%2Fwp%2Fv2%2Fcomments&post=2101"}],"version-history":[{"count":26,"href":"https:\/\/www.doreen-gehrke-verlag.de\/index.php?rest_route=\/wp\/v2\/pages\/2101\/revisions"}],"predecessor-version":[{"id":7123,"href":"https:\/\/www.doreen-gehrke-verlag.de\/index.php?rest_route=\/wp\/v2\/pages\/2101\/revisions\/7123"}],"wp:attachment":[{"href":"https:\/\/www.doreen-gehrke-verlag.de\/index.php?rest_route=%2Fwp%2Fv2%2Fmedia&parent=2101"}],"curies":[{"name":"wp","href":"https:\/\/api.w.org\/{rel}","templated":true}]}}